{"id":47,"date":"2014-03-03T21:02:07","date_gmt":"2014-03-03T19:02:07","guid":{"rendered":"http:\/\/ekva.fi\/?page_id=47"},"modified":"2026-01-25T12:12:27","modified_gmt":"2026-01-25T10:12:27","slug":"suur-saimaan-ympariajo","status":"publish","type":"page","link":"https:\/\/ekva.fi\/?page_id=47","title":{"rendered":"Suur-Saimaan Ymp\u00e4riajo 2026"},"content":{"rendered":"<p>32. SUUR-SAIMAAN YMP\u00c4RIAJO 27-28.6.2026<br \/>\nSuur-Saimaan Ymp\u00e4riajot on yli 30 vuotiaille ajoneuvoille tarkoitettu ajotapahtuma, joka j\u00e4rjestet\u00e4\u00e4n yhteisty\u00f6ss\u00e4 Mikkelin Mobilistit ry:n ja Etel\u00e4-Karjalan Vanhat Ajoneuvot ry:n harrastajien kesken.<\/p>\n<p>Reitti starttaa Lappeenrannasta ja p\u00e4\u00e4ttyy Lappeenrantaan kiert\u00e4en lauantaina 27.6. reitti\u00e4 LAPPEENRANTA \u2013 JOUTSENO \u2013 IMATRA \u2013 RUOKOLAHTI \u2013 PUUMALA \u2013 ANTTOLA \u2013 MIKKELI. Sunnuntaina 28.6. jatkaen MIKKELI \u2013 EEPIN DINER \u2013 SUOMENNIEMI \u2013 SAVITAIPALE \u2013 TAIPALSAARI \u2013 LAPPEENRANTA.<\/p>\n<p>Ajoon voi osallistua vuonna 1995 tai sit\u00e4 aikaisemmin valmistetulla ajoneuvolla. Ilmoittautuminen alkaa 1.1.2026 ja on mahdollista 16.3.2026 saakka. Ilmoittautuminen ja lis\u00e4tietoa tapahtumasta -sivu julkaistaan 1.1.2026 ja ilmoittautumislinkki l\u00f6ytyy sielt\u00e4.<\/p>\n<p>Osallistumismaksu on 100 \u20ac \/ ajoneuvokunta. Poikkeuksena vuoden 1935 tai vanhemmat ajoneuvot, joiden osallistumismaksu on 50 \u20ac \/ajoneuvokunta.<\/p>\n<p>Tervetuloa kiert\u00e4m\u00e4\u00e4n kanssamme kauniita Saimaan maisemia ja nauttimaan Mobilismin iloista!<\/p>\n<p>&nbsp;<\/p>\n<p>Lis\u00e4tietoja<\/p>\n<p>Pekka Kiiski (Mikkelin Mobilistit ry) 0400-679290<\/p>\n<p>Raimo Mustonen (Mikkelin Mobilistit ry) 050 599 5353<\/p>\n<p>Pasi Sotarauta (E-KVA ry) 040-5535014 tai pasi.sotarauta(at)gmail.com<\/p>\n<p><span class=\"d2edcug0 hpfvmrgz qv66sw1b c1et5uql rrkovp55 a8c37x1j keod5gw0 nxhoafnm aigsh9s9 d3f4x2em fe6kdd0r mau55g9w c8b282yb iv3no6db jq4qci2q a3bd9o3v knj5qynh oo9gr5id hzawbc8m\" dir=\"auto\">Ajotoimikunnan puolesta,<\/span><\/p>\n<p><span class=\"d2edcug0 hpfvmrgz qv66sw1b c1et5uql rrkovp55 a8c37x1j keod5gw0 nxhoafnm aigsh9s9 d3f4x2em fe6kdd0r mau55g9w c8b282yb iv3no6db jq4qci2q a3bd9o3v knj5qynh oo9gr5id hzawbc8m\" dir=\"auto\">Pasi Sotarauta<br \/>\n<\/span><span class=\"d2edcug0 hpfvmrgz qv66sw1b c1et5uql rrkovp55 a8c37x1j keod5gw0 nxhoafnm aigsh9s9 d3f4x2em fe6kdd0r mau55g9w c8b282yb iv3no6db jq4qci2q a3bd9o3v knj5qynh oo9gr5id hzawbc8m\" dir=\"auto\">Etel\u00e4-Karjalan Vanhat Ajoneuvot ry<br \/>\n<\/span><span class=\"d2edcug0 hpfvmrgz qv66sw1b c1et5uql rrkovp55 a8c37x1j keod5gw0 nxhoafnm aigsh9s9 d3f4x2em fe6kdd0r mau55g9w c8b282yb iv3no6db jq4qci2q a3bd9o3v knj5qynh oo9gr5id hzawbc8m\" dir=\"auto\">Suur-Saimaan Ymp\u00e4riajojen Ajotoimikunnan pj<\/span><\/p>\n<div id=\"attachment_631\" style=\"width: 1034px\" class=\"wp-caption alignnone\"><a href=\"http:\/\/ekva.fi\/wp-content\/uploads\/2014\/03\/ssya2018-3028.jpg\" data-size=\"1024x684\"><img aria-describedby=\"caption-attachment-631\" decoding=\"async\" loading=\"lazy\" class=\"wp-image-631 size-full\" src=\"http:\/\/ekva.fi\/wp-content\/uploads\/2014\/03\/ssya2018-3028.jpg\" alt=\"\" width=\"1024\" height=\"684\" srcset=\"https:\/\/ekva.fi\/wp-content\/uploads\/2014\/03\/ssya2018-3028.jpg 1024w, https:\/\/ekva.fi\/wp-content\/uploads\/2014\/03\/ssya2018-3028-300x200.jpg 300w, https:\/\/ekva.fi\/wp-content\/uploads\/2014\/03\/ssya2018-3028-768x513.jpg 768w, https:\/\/ekva.fi\/wp-content\/uploads\/2014\/03\/ssya2018-3028-449x300.jpg 449w\" sizes=\"(max-width: 1024px) 100vw, 1024px\" \/><\/a><p id=\"caption-attachment-631\" class=\"wp-caption-text\">Kuva: Aki Vuorinen, vuorinen.aki@hotmail.com<\/p><\/div>\n<p><iframe loading=\"lazy\" src=\"https:\/\/www.youtube.com\/embed\/cRP1lT_DjcA\" width=\"560\" height=\"315\" frameborder=\"0\" allowfullscreen=\"allowfullscreen\"><\/iframe><\/p>\n<p>&nbsp;<\/p>\n<p><a href=\"http:\/\/www.ssya.eu\">Suur-Saimaan Ymp\u00e4riajojen www-sivut<\/a><\/p>\n<p><a href=\"https:\/\/www.facebook.com\/groups\/137165936447469\/\">Suur-Saimaan ymp\u00e4riajo Facebookissa\u00a0<\/a><\/p>\n<p>Suur-Saimaan Ymp\u00e4riajojen Ajotoimikunta 2026 (E-KVA:n j\u00e4senet)<\/p>\n<p>Mia Aaltonen<\/p>\n<p>Heli Valtonen<\/p>\n<p>Ismo Tynkkynen<\/p>\n<p>Juha Viertorinta<\/p>\n<p>Sami Viertorinta<\/p>\n<p>Pasi Sotarauta<\/p>\n","protected":false},"excerpt":{"rendered":"<p>32. SUUR-SAIMAAN YMP\u00c4RIAJO 27-28.6.2026 Suur-Saimaan Ymp\u00e4riajot on yli 30 vuotiaille ajoneuvoille tarkoitettu ajotapahtuma, joka j\u00e4rjestet\u00e4\u00e4n yhteisty\u00f6ss\u00e4 Mikkelin Mobilistit ry:n ja Etel\u00e4-Karjalan Vanhat Ajoneuvot ry:n harrastajien kesken. Reitti starttaa Lappeenrannasta ja p\u00e4\u00e4ttyy Lappeenrantaan kiert\u00e4en lauantaina 27.6. reitti\u00e4 LAPPEENRANTA \u2013 JOUTSENO \u2013 &hellip; <a href=\"https:\/\/ekva.fi\/?page_id=47\">Lue loppuun <span class=\"meta-nav\">&rarr;<\/span><\/a><\/p>\n","protected":false},"author":1,"featured_media":640,"parent":0,"menu_order":40,"comment_status":"closed","ping_status":"open","template":"sidebar-page.php","meta":[],"_links":{"self":[{"href":"https:\/\/ekva.fi\/index.php?rest_route=\/wp\/v2\/pages\/47"}],"collection":[{"href":"https:\/\/ekva.fi\/index.php?rest_route=\/wp\/v2\/pages"}],"about":[{"href":"https:\/\/ekva.fi\/index.php?rest_route=\/wp\/v2\/types\/page"}],"author":[{"embeddable":true,"href":"https:\/\/ekva.fi\/index.php?rest_route=\/wp\/v2\/users\/1"}],"replies":[{"embeddable":true,"href":"https:\/\/ekva.fi\/index.php?rest_route=%2Fwp%2Fv2%2Fcomments&post=47"}],"version-history":[{"count":59,"href":"https:\/\/ekva.fi\/index.php?rest_route=\/wp\/v2\/pages\/47\/revisions"}],"predecessor-version":[{"id":1023,"href":"https:\/\/ekva.fi\/index.php?rest_route=\/wp\/v2\/pages\/47\/revisions\/1023"}],"wp:featuredmedia":[{"embeddable":true,"href":"https:\/\/ekva.fi\/index.php?rest_route=\/wp\/v2\/media\/640"}],"wp:attachment":[{"href":"https:\/\/ekva.fi\/index.php?rest_route=%2Fwp%2Fv2%2Fmedia&parent=47"}],"curies":[{"name":"wp","href":"https:\/\/api.w.org\/{rel}","templated":true}]}}