{"id":45,"date":"2014-03-03T21:00:15","date_gmt":"2014-03-03T19:00:15","guid":{"rendered":"http:\/\/ekva.fi\/?page_id=45"},"modified":"2024-11-28T23:39:22","modified_gmt":"2024-11-28T21:39:22","slug":"sijainti-ja-aukioloajat","status":"publish","type":"page","link":"https:\/\/ekva.fi\/?page_id=45","title":{"rendered":"Sijainti ja aukioloajat"},"content":{"rendered":"<p>Etel\u00e4-Karjalan Automuseo on suljettuna talvikauden 1.10.2024-1.5.2025. Avaamme museokaudelle 2025 perjantaina 2.5.2025. Automuseo on auki syyskuun loppuun. Olemme avoinna seuraavasti:<\/p>\n<p>Maanatai\u00a0 \u00a0 \u00a0 \u00a0 Suljettu<br \/>\nTiistai\u00a0 \u00a0 \u00a0 \u00a0 \u00a0 \u00a0 \u00a012.00-18.00<br \/>\nKeskiviikko\u00a0 \u00a0 12.00-18.00<br \/>\nTorstai\u00a0 \u00a0 \u00a0 \u00a0 \u00a0 \u00a012.00-18.00<br \/>\nPerjantai\u00a0 \u00a0 \u00a0 \u00a0 12.00-18.00<br \/>\nLauantai\u00a0 \u00a0 \u00a0 \u00a0 10.00-15.00<br \/>\nSunnuntai\u00a0 \u00a0 \u00a0 10.00-16.00<\/p>\n<p><strong>P\u00e4\u00e4sylippujen hinnat<br \/>\n<\/strong>Aikuiset:\u00a0 10 \u20ac<br \/>\nLapset ja el\u00e4kel\u00e4iset: 6\u20ac<br \/>\nPerhelippu: 20 \u20ac<br \/>\nRyhm\u00e4lippu (min. 10 henk.): 6 \u20ac\/henk<br \/>\nYli 20 hengen ryhmien kuljettaja ja opas ilmaiseksi<\/p>\n<p>Ryhmille voimme j\u00e4rjest\u00e4\u00e4 kierroksia ennalta sovitusti, my\u00f6s aukioloaikojen ulkopuolella.<\/p>\n<p>Meill\u00e4 ei valitettavasti k\u00e4y Museokortti<\/p>\n<p><strong>K\u00e4yntiosoite<br \/>\n<\/strong>Harmaakalliontie 5<br \/>\n55300 RAUHA<br \/>\nPuh. (05) 432 8873<\/p>\n<p><iframe loading=\"lazy\" style=\"border: 0;\" src=\"https:\/\/www.google.com\/maps\/embed?pb=!1m17!1m11!1m3!1d15389.631523008571!2d28.698905!3d61.173869999999845!2m2!1f0!2f0!3m2!1i1024!2i768!4f13.1!3m3!1m2!1s0x4690a5d21c59460f%3A0x9d3712f20a2b3754!2sHarmaakalliontie+5!5e0!3m2!1sfi!2s!4v1394649464525\" width=\"600\" height=\"450\" frameborder=\"0\"><\/iframe><\/p>\n","protected":false},"excerpt":{"rendered":"<p>Etel\u00e4-Karjalan Automuseo on suljettuna talvikauden 1.10.2024-1.5.2025. Avaamme museokaudelle 2025 perjantaina 2.5.2025. Automuseo on auki syyskuun loppuun. Olemme avoinna seuraavasti: Maanatai\u00a0 \u00a0 \u00a0 \u00a0 Suljettu Tiistai\u00a0 \u00a0 \u00a0 \u00a0 \u00a0 \u00a0 \u00a012.00-18.00 Keskiviikko\u00a0 \u00a0 12.00-18.00 Torstai\u00a0 \u00a0 \u00a0 \u00a0 \u00a0 \u00a012.00-18.00 &hellip; <a href=\"https:\/\/ekva.fi\/?page_id=45\">Lue loppuun <span class=\"meta-nav\">&rarr;<\/span><\/a><\/p>\n","protected":false},"author":1,"featured_media":206,"parent":25,"menu_order":40,"comment_status":"closed","ping_status":"open","template":"sidebar-page.php","meta":[],"_links":{"self":[{"href":"https:\/\/ekva.fi\/index.php?rest_route=\/wp\/v2\/pages\/45"}],"collection":[{"href":"https:\/\/ekva.fi\/index.php?rest_route=\/wp\/v2\/pages"}],"about":[{"href":"https:\/\/ekva.fi\/index.php?rest_route=\/wp\/v2\/types\/page"}],"author":[{"embeddable":true,"href":"https:\/\/ekva.fi\/index.php?rest_route=\/wp\/v2\/users\/1"}],"replies":[{"embeddable":true,"href":"https:\/\/ekva.fi\/index.php?rest_route=%2Fwp%2Fv2%2Fcomments&post=45"}],"version-history":[{"count":30,"href":"https:\/\/ekva.fi\/index.php?rest_route=\/wp\/v2\/pages\/45\/revisions"}],"predecessor-version":[{"id":1006,"href":"https:\/\/ekva.fi\/index.php?rest_route=\/wp\/v2\/pages\/45\/revisions\/1006"}],"up":[{"embeddable":true,"href":"https:\/\/ekva.fi\/index.php?rest_route=\/wp\/v2\/pages\/25"}],"wp:featuredmedia":[{"embeddable":true,"href":"https:\/\/ekva.fi\/index.php?rest_route=\/wp\/v2\/media\/206"}],"wp:attachment":[{"href":"https:\/\/ekva.fi\/index.php?rest_route=%2Fwp%2Fv2%2Fmedia&parent=45"}],"curies":[{"name":"wp","href":"https:\/\/api.w.org\/{rel}","templated":true}]}}