{"id":267,"date":"2015-09-14T20:47:30","date_gmt":"2015-09-14T17:47:30","guid":{"rendered":"http:\/\/ekva.fi\/?page_id=267"},"modified":"2025-01-01T13:17:57","modified_gmt":"2025-01-01T11:17:57","slug":"lappeenrannan-halli","status":"publish","type":"page","link":"https:\/\/ekva.fi\/?page_id=267","title":{"rendered":"Lappeenrannan halli"},"content":{"rendered":"<p>Lyhyt- ja pitk\u00e4aikaista s\u00e4ilytystilaa l\u00e4mpim\u00e4st\u00e4 ja kuivasta tilasta tarjotaan my\u00f6s Lappeenrannan hallista. Mahdollisuus my\u00f6s kunnostustoimintaan. Ajoneuvojen s\u00e4ilytyksest\u00e4 kiinnostuneet voivat olla yhteydess\u00e4 Ruukintien hallin tilavuokrauksista vastaavaan henkil\u00f6\u00f6n:<\/p>\n<p>Hallitoimikunta<\/p>\n<p>Ari Koponen, puh 040 358 9119, ario.kopo@gmail.com<\/p>\n<p>Ari R\u00e4s\u00e4nen<\/p>\n<p>Timo Myyryl\u00e4inen<\/p>\n<p>Matti Peltonen<\/p>\n<p>Matti Nikkinen<\/p>\n<p>Vesa Tuomisto<\/p>\n<p>&nbsp;<\/p>\n<p>&nbsp;<\/p>\n<header class=\"entry-header\">\n<h1 class=\"entry-title\"><\/h1>\n<\/header>\n<div class=\"entry-content\"><\/div>\n","protected":false},"excerpt":{"rendered":"<p>Lyhyt- ja pitk\u00e4aikaista s\u00e4ilytystilaa l\u00e4mpim\u00e4st\u00e4 ja kuivasta tilasta tarjotaan my\u00f6s Lappeenrannan hallista. Mahdollisuus my\u00f6s kunnostustoimintaan. Ajoneuvojen s\u00e4ilytyksest\u00e4 kiinnostuneet voivat olla yhteydess\u00e4 Ruukintien hallin tilavuokrauksista vastaavaan henkil\u00f6\u00f6n: Hallitoimikunta Ari Koponen, puh 040 358 9119, ario.kopo@gmail.com Ari R\u00e4s\u00e4nen Timo Myyryl\u00e4inen Matti Peltonen &hellip; <a href=\"https:\/\/ekva.fi\/?page_id=267\">Lue loppuun <span class=\"meta-nav\">&rarr;<\/span><\/a><\/p>\n","protected":false},"author":1,"featured_media":0,"parent":0,"menu_order":0,"comment_status":"closed","ping_status":"closed","template":"sidebar-page.php","meta":[],"_links":{"self":[{"href":"https:\/\/ekva.fi\/index.php?rest_route=\/wp\/v2\/pages\/267"}],"collection":[{"href":"https:\/\/ekva.fi\/index.php?rest_route=\/wp\/v2\/pages"}],"about":[{"href":"https:\/\/ekva.fi\/index.php?rest_route=\/wp\/v2\/types\/page"}],"author":[{"embeddable":true,"href":"https:\/\/ekva.fi\/index.php?rest_route=\/wp\/v2\/users\/1"}],"replies":[{"embeddable":true,"href":"https:\/\/ekva.fi\/index.php?rest_route=%2Fwp%2Fv2%2Fcomments&post=267"}],"version-history":[{"count":14,"href":"https:\/\/ekva.fi\/index.php?rest_route=\/wp\/v2\/pages\/267\/revisions"}],"predecessor-version":[{"id":1010,"href":"https:\/\/ekva.fi\/index.php?rest_route=\/wp\/v2\/pages\/267\/revisions\/1010"}],"wp:attachment":[{"href":"https:\/\/ekva.fi\/index.php?rest_route=%2Fwp%2Fv2%2Fmedia&parent=267"}],"curies":[{"name":"wp","href":"https:\/\/api.w.org\/{rel}","templated":true}]}}