{"id":25,"date":"2014-03-03T20:50:53","date_gmt":"2014-03-03T18:50:53","guid":{"rendered":"http:\/\/ekva.fi\/?page_id=25"},"modified":"2021-05-01T16:19:11","modified_gmt":"2021-05-01T13:19:11","slug":"etela-karjalan-automuseo","status":"publish","type":"page","link":"https:\/\/ekva.fi\/?page_id=25","title":{"rendered":"Etel\u00e4-Karjalan Automuseo"},"content":{"rendered":"<p><a href=\"https:\/\/ekva.fi\/wp-content\/uploads\/2014\/03\/Etel\u00e4-Karjalan-Automuseo-1991-logo.jpg\" data-size=\"1646x1582\"><img decoding=\"async\" loading=\"lazy\" class=\"alignnone size-medium wp-image-834\" src=\"https:\/\/ekva.fi\/wp-content\/uploads\/2014\/03\/Etel\u00e4-Karjalan-Automuseo-1991-logo-300x288.jpg\" alt=\"\" width=\"300\" height=\"288\" srcset=\"https:\/\/ekva.fi\/wp-content\/uploads\/2014\/03\/Etel\u00e4-Karjalan-Automuseo-1991-logo-300x288.jpg 300w, https:\/\/ekva.fi\/wp-content\/uploads\/2014\/03\/Etel\u00e4-Karjalan-Automuseo-1991-logo-768x738.jpg 768w, https:\/\/ekva.fi\/wp-content\/uploads\/2014\/03\/Etel\u00e4-Karjalan-Automuseo-1991-logo-1024x984.jpg 1024w, https:\/\/ekva.fi\/wp-content\/uploads\/2014\/03\/Etel\u00e4-Karjalan-Automuseo-1991-logo-312x300.jpg 312w, https:\/\/ekva.fi\/wp-content\/uploads\/2014\/03\/Etel\u00e4-Karjalan-Automuseo-1991-logo.jpg 1646w\" sizes=\"(max-width: 300px) 100vw, 300px\" \/><\/a><\/p>\n<p>Tavoitat meid\u00e4t my\u00f6s uudistuneilta kotisivuiltamme www.ekautomuseo.fi<\/p>\n<p>Etel\u00e4-Karjalan Automuseo sijaitsee karjalaisen kulttuurin syd\u00e4mess\u00e4 Joutsenossa, Karjalanportin m\u00e4ell\u00e4 valtatie 6:n varrella. N\u00e4yttely tarjoaa k\u00e4vij\u00e4lleen l\u00e4pileikkauksen suomalaisen autoilun ja liikennekulttuurin vuosikymmenist\u00e4.<\/p>\n<p>P\u00e4\u00e4osan n\u00e4yttelyesineist\u00f6st\u00e4 muodostavat autot ja moottoripy\u00f6r\u00e4t. Lis\u00e4ksi esill\u00e4 on kymmenitt\u00e4in muuta kulkemiseen ja liikkumiseen liittyv\u00e4\u00e4 esineist\u00f6\u00e4.<\/p>\n<p>&nbsp;<\/p>\n","protected":false},"excerpt":{"rendered":"<p>Tavoitat meid\u00e4t my\u00f6s uudistuneilta kotisivuiltamme www.ekautomuseo.fi Etel\u00e4-Karjalan Automuseo sijaitsee karjalaisen kulttuurin syd\u00e4mess\u00e4 Joutsenossa, Karjalanportin m\u00e4ell\u00e4 valtatie 6:n varrella. N\u00e4yttely tarjoaa k\u00e4vij\u00e4lleen l\u00e4pileikkauksen suomalaisen autoilun ja liikennekulttuurin vuosikymmenist\u00e4. P\u00e4\u00e4osan n\u00e4yttelyesineist\u00f6st\u00e4 muodostavat autot ja moottoripy\u00f6r\u00e4t. Lis\u00e4ksi esill\u00e4 on kymmenitt\u00e4in muuta kulkemiseen ja &hellip; <a href=\"https:\/\/ekva.fi\/?page_id=25\">Lue loppuun <span class=\"meta-nav\">&rarr;<\/span><\/a><\/p>\n","protected":false},"author":1,"featured_media":206,"parent":0,"menu_order":30,"comment_status":"closed","ping_status":"open","template":"sidebar-page.php","meta":[],"_links":{"self":[{"href":"https:\/\/ekva.fi\/index.php?rest_route=\/wp\/v2\/pages\/25"}],"collection":[{"href":"https:\/\/ekva.fi\/index.php?rest_route=\/wp\/v2\/pages"}],"about":[{"href":"https:\/\/ekva.fi\/index.php?rest_route=\/wp\/v2\/types\/page"}],"author":[{"embeddable":true,"href":"https:\/\/ekva.fi\/index.php?rest_route=\/wp\/v2\/users\/1"}],"replies":[{"embeddable":true,"href":"https:\/\/ekva.fi\/index.php?rest_route=%2Fwp%2Fv2%2Fcomments&post=25"}],"version-history":[{"count":9,"href":"https:\/\/ekva.fi\/index.php?rest_route=\/wp\/v2\/pages\/25\/revisions"}],"predecessor-version":[{"id":838,"href":"https:\/\/ekva.fi\/index.php?rest_route=\/wp\/v2\/pages\/25\/revisions\/838"}],"wp:featuredmedia":[{"embeddable":true,"href":"https:\/\/ekva.fi\/index.php?rest_route=\/wp\/v2\/media\/206"}],"wp:attachment":[{"href":"https:\/\/ekva.fi\/index.php?rest_route=%2Fwp%2Fv2%2Fmedia&parent=25"}],"curies":[{"name":"wp","href":"https:\/\/api.w.org\/{rel}","templated":true}]}}