{"id":22,"date":"2014-03-03T20:47:43","date_gmt":"2014-03-03T18:47:43","guid":{"rendered":"http:\/\/ekva.fi\/?page_id=22"},"modified":"2019-01-10T23:53:14","modified_gmt":"2019-01-10T21:53:14","slug":"saannot","status":"publish","type":"page","link":"https:\/\/ekva.fi\/?page_id=22","title":{"rendered":"S\u00e4\u00e4nn\u00f6t"},"content":{"rendered":"<table width=\"100%\" cellspacing=\"0\" cellpadding=\"0\">\n<tbody>\n<tr>\n<td align=\"left\" valign=\"top\" width=\"100%\">1. YHDISTYKSEN NIMI JA KOTIPAIKKA<\/p>\n<p>Yhdistyksen nimi on Etel\u00e4-Karjalan Vanhat Ajoneuvot ja sen kotipaikka Lappeenranta. Yhdistyksen p\u00e4\u00e4asiallisena toimialueena ovat Etel\u00e4-Karjalaan kuuluvat kunnat.<\/p>\n<p>2. YHDISTYKSEN TARKOITUS<\/p>\n<p>Yhdistyksen tarkoituksena on yll\u00e4pit\u00e4\u00e4 ja edist\u00e4\u00e4 vanhoihin ajoneuvoihin liittyv\u00e4\u00e4 harrastustoimintaa.<\/p>\n<p>Tarkoituksen toteuttamiseksi yhdistys ker\u00e4\u00e4, s\u00e4ilytt\u00e4\u00e4 ja pit\u00e4\u00e4 yll\u00e4 vanhoja ajoneuvoja ker\u00e4\u00e4m\u00e4ll\u00e4 ne museoksi, voi j\u00e4rjest\u00e4\u00e4 huvi- ja kilpailutilaisuuksia, n\u00e4yttelyit\u00e4 ja kursseja, toimeenpanna keskustelu- ja esitelm\u00e4tilaisuuksia, julkaista vanhoihin ajoneuvoihin liittyv\u00e4\u00e4 kirjallisuutta, hankkia omistukseensa harrastusta edist\u00e4v\u00e4\u00e4 kiinte\u00e4\u00e4 ja irtainta omaisuutta, v\u00e4litt\u00e4\u00e4 j\u00e4senilleen voittoa tavoittelematta harrastukseen liittyvi\u00e4 tarvikkeita, vastaanottaa lahjoituksia ja testamentteja sek\u00e4 avustuksia. Yhdistys voi omistaa kiinteist\u00f6j\u00e4 ja arvopapereita.<\/p>\n<p>Yhdistyksen tarkoituksena ei ole voiton tai muun v\u00e4litt\u00f6m\u00e4n taloudellisen ansion tuottaminen sen toimintaan osallisille.<\/p>\n<p>3. J\u00c4SENEKSI OTTAMINEN<\/p>\n<p>Yhdistyksen varsinaiseksi j\u00e4seneksi voi yhdistyksen hallitus hyv\u00e4ksy\u00e4 henkil\u00f6n kirjallisen hakemuksen perusteella.<\/p>\n<p>Kunniaj\u00e4seneksi voidaan hallituksen esityksest\u00e4 yhdistyksen kokouksen p\u00e4\u00e4t\u00f6ksell\u00e4 kutsua henkil\u00f6it\u00e4, jotka ovat eritt\u00e4in huomattavalla tavalla edist\u00e4neet yhdistyksen toimintaa.<\/p>\n<p>Kannatusj\u00e4seneksi voi yhdistyksen hallitus hyv\u00e4ksy\u00e4 henkil\u00f6it\u00e4 tai oikeuskelpoisia yhteis\u00f6j\u00e4, jotka tukevat yhdistyksen toimintaa suorittamalla vuotuisen tai kertakaikkisen kannatusj\u00e4senmaksun.<\/p>\n<p>Juniorij\u00e4seneksi voi yhdistyksen hallitus hyv\u00e4ksy\u00e4 henkil\u00f6n, joka on alle 18-vuotias.<\/p>\n<p>4. J\u00c4SENEN EROAMINEN<\/p>\n<p>J\u00e4sen, joka haluaa erota yhdistyksest\u00e4, tehk\u00f6\u00f6n siit\u00e4 kirjallisen ilmoituksen yhdistyksen hallitukselle tai sen puheenjohtajalle tai ilmoittakoon siit\u00e4 yhdistyksen kokoukselle p\u00f6yt\u00e4kirjaan merkitsemist\u00e4 varten. Ero katsotaan tapahtuneeksi heti kun ilmoitus on tehty, mutta eroava j\u00e4sen on velvollinen suorittamaan maksunsa ja velvoitteensa yhdistykselle toimintavuoden loppuun asti.<\/p>\n<p>5. J\u00c4SENEN EROTTAMINEN<\/p>\n<p>J\u00e4senelle, joka ei ole maksanut asetettuun m\u00e4\u00e4r\u00e4aikaan menness\u00e4 j\u00e4senmaksuaan, l\u00e4hetet\u00e4\u00e4n uusi j\u00e4senmaksulomake ja asetetaan uusi m\u00e4\u00e4r\u00e4aika maksun suorittamiseen. Uusi m\u00e4\u00e4r\u00e4aika ei saa olla yht\u00e4 (1) kuukautta lyhyempi. Mik\u00e4li j\u00e4sen ei edelleenk\u00e4\u00e4n maksa j\u00e4senmaksuaan, hallitus voi erottaa j\u00e4senen. Hallitus voi erottaa j\u00e4senen my\u00f6s silloin, jos t\u00e4m\u00e4 toimii yhdistyksen s\u00e4\u00e4nt\u00f6jen vastaisesti tai esiintyy hyvien tapojen tai urheiluhengen vastaisesti.<\/p>\n<p>Erotetulla olkoon oikeus saattaa erottamisp\u00e4\u00e4t\u00f6s yhdistyksen kokouksen tutkittavaksi ja h\u00e4nen on esitett\u00e4v\u00e4 t\u00e4m\u00e4 vaatimus kirjallisesti yhden (1) kuukauden kuluessa erottamisp\u00e4\u00e4t\u00f6ksest\u00e4 tiedon saatuaan yhdistyksen hallitukselle, joka kutsuu yhdistyksen koolle. Kokouksessa vaaditaan erottamisp\u00e4\u00e4t\u00f6kseen v\u00e4hint\u00e4\u00e4n 2\/3 kaikista \u00e4\u00e4nestyksess\u00e4 annetuista \u00e4\u00e4nist\u00e4. \u00c4\u00e4nestyksen tulee tapahtua suljetuin lipuin.<\/p>\n<p>6. J\u00c4SENMAKSUT<\/p>\n<p>Varsinailta j\u00e4senilt\u00e4 kannettavien liittymis- ja j\u00e4senmaksujen sek\u00e4 kannatusj\u00e4senmaksujen ja juniorij\u00e4senen j\u00e4senmaksun p\u00e4\u00e4tt\u00e4\u00e4 yhdistyksen syyskokous vuosittain.<\/p>\n<p>7. YHDISTYKSEN HALLITUS<\/p>\n<p>Yhdistyksen asioita, taloutta ja sen toimintaa hoitaa hallitus, johon kuuluu puheenjohtaja, varapuheenjohtaja sek\u00e4 kymmenen (10) muuta j\u00e4sent\u00e4.<\/p>\n<p>Hallitus on p\u00e4\u00e4t\u00f6svaltainen, kun v\u00e4hint\u00e4\u00e4n puolet sen j\u00e4senist\u00e4, joista yksi on puheenjohtaja tai varapuheenjohtaja, on saapuvilla.<\/p>\n<p>Hallitus kokoontuu puheenjohtajansa kutsusta tai silloin, kun joku hallituksen j\u00e4senist\u00e4 haluaa sen kokoontuvan jotain m\u00e4\u00e4r\u00e4tty\u00e4 asiaa varten.<\/p>\n<p>Hallituksen puheenjohtaja ja varapuheenjohtaja valitaan syyskokouksessa kahdeksi vuodeksi kerrallaan siten, ett\u00e4 he ovat erovuorossa vuorovuosina. Hallituksen muut j\u00e4senet valitaan kahdeksi vuodeksi kerrallaan ja siten, ett\u00e4 vuosittain viisi (5) j\u00e4sent\u00e4 on erovuorossa. Ensimm\u00e4isell\u00e4 kerralla ratkaistaan erovuorot arvalla.<\/p>\n<p>8. JAOSTOT<\/p>\n<p>Yhdistykselle voidaan perustaa rekister\u00f6im\u00e4tt\u00f6mi\u00e4 jaostoja hoitamaan eri teht\u00e4vi\u00e4 yhdistyksen tarkoitusperien ja pyrkimysten toteuttamiseksi. Jaostojen toimintaa varten on perustamisen yhteydess\u00e4 vahvistettava niille ohjes\u00e4\u00e4nn\u00f6t tai toimintaohjeet.<\/p>\n<p>9. TOIMIHENKIL\u00d6T JA TOIMIKUNNAT<\/p>\n<p>Hallitus valitsee yhdistykselle sihteerin, taloudenhoitajan sek\u00e4 muut tarpeelliset toimihenkil\u00f6t.<\/p>\n<p>Hallitus voi tarpeen mukaan perustaa toimikuntia hoitamaan eri teht\u00e4vi\u00e4.<\/p>\n<p>10. TOIMINTAKAUSI<\/p>\n<p>Yhdistyksen toiminta- ja tilikausi on kalenterivuosi.<\/p>\n<p>Tilit on yhdess\u00e4 toimintakertomuksen kanssa annettava tilintarkastajille viimeist\u00e4\u00e4n 31. p\u00e4iv\u00e4n\u00e4 tammikuuta. Tarkastuksesta on annettava kev\u00e4tkokoukselle kirjallinen lausunto, joka on j\u00e4tett\u00e4v\u00e4 hallitukselle hyviss\u00e4 ajoin ennen kev\u00e4tkokousta.<\/p>\n<p>11. YHDISTYKSEN NIMEN KIRJOITUS<\/p>\n<p>Yhdistyksen nimen kirjoittaa puheenjohtaja tai varapuheenjohtaja, jompikumpi yhdess\u00e4 sihteerin tai taloudenhoitajan kanssa.<\/p>\n<p>12. YHDISTYKSEN KOKOUKSET<\/p>\n<p>Yhdistyksen kokouksia pidet\u00e4\u00e4n vuosittain kaksi: Kev\u00e4tkokous maalis- tai huhtikuussa ja syyskokous loka- tai marraskuussa.<\/p>\n<p>Ylim\u00e4\u00e4r\u00e4isi\u00e4 kokouksia pidet\u00e4\u00e4n silloin, kun hallitus katsoo sen tarpeelliseksi tai silloin, kun v\u00e4hint\u00e4\u00e4n 1\/10 yhdistyksen \u00e4\u00e4nioikeutetuista j\u00e4senist\u00e4 sit\u00e4 kirjallisesti anovat jotain m\u00e4\u00e4r\u00e4tty\u00e4 asiaa varten.<\/p>\n<p>13. YHDISTYKSEN KOKOUKSEN KOOLLEKUTSUMINEN<\/p>\n<p>Yhdistyksen kokouksen kutsuu koolle hallitus julkaisemalla siit\u00e4 lehti-ilmoituksen yhdistyksen syyskokouksessa m\u00e4\u00e4r\u00e4\u00e4miss\u00e4 yhdistyksen toiminta-alueella ilmestyviss\u00e4 p\u00e4iv\u00e4lehdiss\u00e4 v\u00e4hint\u00e4\u00e4n seitsem\u00e4n (7) p\u00e4iv\u00e4\u00e4 ennen kokousp\u00e4iv\u00e4\u00e4 tai kirjallisilla kokouskutsuilla, jotka on postitettava j\u00e4senille viimeist\u00e4\u00e4n seitsem\u00e4n (7) p\u00e4iv\u00e4\u00e4 ennen kokousp\u00e4iv\u00e4\u00e4.<\/p>\n<p>Jos kokouksessa tulee k\u00e4sitelt\u00e4v\u00e4ksi kysymys s\u00e4\u00e4nt\u00f6jen muuttamisesta tai yhdistyksen purkamisesta taikka kiinteist\u00f6n ostamisesta, myymisest\u00e4 tai kiinnitt\u00e4misest\u00e4 tai muusta yhdistys lain 23 :ssa mainitusta asiasta, on t\u00e4st\u00e4 kokouskutsussa mainittava.<\/p>\n<p>14. KEV\u00c4TKOKOUKSEN TY\u00d6J\u00c4RJESTYS<\/p>\n<p>Yhdistyksen kev\u00e4tkokouksessa k\u00e4sitell\u00e4\u00e4n seuraavat asiat:<\/p>\n<p>Kokouksen avaus sek\u00e4 laillisuuden ja p\u00e4\u00e4t\u00f6svaltaisuuden toteaminen,<br \/>\nKokoukselle laaditun ty\u00f6j\u00e4rjestyksen hyv\u00e4ksyminen,<br \/>\nKokousvirkailijoiden valitseminen,<br \/>\nEsitet\u00e4\u00e4n hallituksen vuosikertomus p\u00e4\u00e4ttyneelt\u00e4 toimikaudelta,<br \/>\nEsitet\u00e4\u00e4n hallituksen tilikertomus ja tilintarkastajien antamalausunto sek\u00e4 p\u00e4\u00e4tet\u00e4\u00e4n tilinp\u00e4\u00e4t\u00f6ksen vahvistamisesta,<br \/>\nP\u00e4\u00e4tet\u00e4\u00e4n vastuuvapauden my\u00f6nt\u00e4misest\u00e4 hallitukselle ja muille tilivelvollisille, ja<br \/>\nK\u00e4sitell\u00e4\u00e4n muut asiat, jotka s\u00e4\u00e4detyll\u00e4 tavalla on otettu kev\u00e4tkokouksen esityslistalle.<\/p>\n<p>15. SYYSKOKOUKSEN TY\u00d6J\u00c4RJESTYS<\/p>\n<p>Yhdistyksen syyskokouksessa k\u00e4sitell\u00e4\u00e4n seuraavat asiat:<\/p>\n<p>Kokouksen avaus sek\u00e4 laillisuuden ja p\u00e4\u00e4t\u00f6svaltaisuuden toteaminen,<br \/>\nKokoukselle laaditun ty\u00f6j\u00e4rjestyksen hyv\u00e4ksyminen,<br \/>\nKokousvirkailijoiden valitseminen,<br \/>\nEsitet\u00e4\u00e4n hallituksen laatima toimintasuunnitelma seuraavalle toimintakaudelle,<br \/>\nEsitet\u00e4\u00e4n hallituksen seuraavaa toimintakautta varten laatima talousarvio sek\u00e4 ehdotus liittymis- ja j\u00e4senmaksujen suuruudesta ja niiden suorittamisen ajankohta sek\u00e4 p\u00e4\u00e4tet\u00e4\u00e4n niiden vahvistamisesta,<br \/>\nValitaan seuraavaksi kahdeksi vuodeksi yhdistyksen puheenjohtaja tai varapuheenjohtaja erovuoroisen tilalle,<br \/>\nValitaan seuraavaksi kahdeksi vuodeksi viisi (5) muuta hallituksen j\u00e4sent\u00e4 erovuoroisten tilalle,<br \/>\nValitaan kaksi (2) tilintarkastajaa ja heid\u00e4n varamiehens\u00e4 tarkastamaan seuraavan toimintakauden tilej\u00e4 ja hallintoa,<br \/>\nEsitet\u00e4\u00e4n hallituksen esitys niist\u00e4 yhdistyksen toimintaalueella ilmestyvist\u00e4 p\u00e4iv\u00e4lehdist\u00e4, joissa yhdistyksen kokouskutsut tulee ilmoittaa ja p\u00e4\u00e4tet\u00e4\u00e4n niist\u00e4, ja<br \/>\nK\u00e4sitell\u00e4\u00e4n muut asiat, jotka s\u00e4\u00e4detyll\u00e4 tavalla on otettu syyskokouksen esityslistalle.<\/p>\n<p>16. YHDISTYKSEN KOKOUKSELLE ESITETT\u00c4V\u00c4T ASIAT<\/p>\n<p>Asiat, jotka j\u00e4sen haluaa saada yhdistyksen kokouksessa k\u00e4sitelt\u00e4v\u00e4ksi, on esitett\u00e4v\u00e4 kirjallisesti hallitukselle v\u00e4hint\u00e4\u00e4n seitsem\u00e4n (7) p\u00e4iv\u00e4\u00e4 ennen kokousta.<\/p>\n<p>17. \u00c4\u00c4NIOIKEUS JA \u00c4\u00c4NESTYS<\/p>\n<p>\u00c4\u00e4nioikeus on yhdistyksen kokouksissa kunniaj\u00e4senill\u00e4 ja varsinaisilla j\u00e4senill\u00e4, jotka ovat suorittaneet liittymis- ja j\u00e4senmaksunsa m\u00e4\u00e4r\u00e4aikaan menness\u00e4. Juniori- ja kannatusj\u00e4senell\u00e4 ei ole \u00e4\u00e4nioikeutta yhdistyksen kokouksissa eik\u00e4 heit\u00e4 voida valita yhdistyksen hallitukseen.<\/p>\n<p>Kokouksissa ratkaistaan asiat yksinkertaisella \u00e4\u00e4nten enemmist\u00f6ll\u00e4. \u00c4\u00e4nten menness\u00e4 tasan voittaa se mielipide, johon kokouksenpuheenjohtaja yhtyy. Vaaleissa \u00e4\u00e4nten menness\u00e4 tasan ratkaisee arpa.<\/p>\n<p>Vaalit toimitetaan umpilipuin, jos niin vaaditaan. Valtakirjalla ei voi \u00e4\u00e4nest\u00e4\u00e4.<\/p>\n<p>18. S\u00c4\u00c4NT\u00d6JEN MUUTTAMINEN<\/p>\n<p>S\u00e4\u00e4nt\u00f6jen muuttamista koskevan p\u00e4\u00e4t\u00f6ksen on saatava v\u00e4hint\u00e4\u00e4n 3\/4 kannatus yhdistyksen kokouksessa l\u00e4sn\u00e4olevien \u00e4\u00e4nim\u00e4\u00e4r\u00e4st\u00e4 tullakseen hyv\u00e4ksytyksi.<\/p>\n<p>19. YHDISTYKSEN PURKAMINEN<\/p>\n<p>Yhdistyksen purkamista koskeva p\u00e4\u00e4t\u00f6s on teht\u00e4v\u00e4 kahdessa, v\u00e4hint\u00e4\u00e4n kahden (2) kuukauden v\u00e4lein pidetyss\u00e4 yhdistyksen kokouksessa ja p\u00e4\u00e4t\u00f6ksen on saatava molemmissa kokouksissa v\u00e4hint\u00e4\u00e4n 4\/5 kannatus l\u00e4sn\u00e4olevien \u00e4\u00e4nim\u00e4\u00e4r\u00e4st\u00e4.<\/p>\n<p>20. VAROJEN K\u00c4YTT\u00d6 JA MUSEOKOKOELMIEN S\u00c4ILYMINEN YHDISTYKSEN PURKAUTUESSA<\/p>\n<p>Jos yhdistys on p\u00e4\u00e4tetty purkaa, on sen varat k\u00e4ytett\u00e4v\u00e4 niin kuin se kokous, joka viimeksi p\u00e4\u00e4t\u00e4\u00e4 yhdistyksen purkamisesta, m\u00e4\u00e4r\u00e4\u00e4. Varat on kuitenkin k\u00e4ytett\u00e4v\u00e4 n\u00e4iden s\u00e4\u00e4nt\u00f6jen 2 pyk\u00e4l\u00e4ss\u00e4 mainittujen tarkoitusperien toteuttamiseksi.<\/p>\n<p>Yhdistyksen tullessa lakkautetuksi huolehditaan museokokoelmien s\u00e4ilymisest\u00e4 jonkin muu oikeuskelpoisen yhteis\u00f6n hallinnassa sen mukaan kuin seuran viimeinen kokous p\u00e4\u00e4tt\u00e4\u00e4.<\/p>\n<p>Yhdistyksen hallitus<\/p>\n<p>Laadittu 6.6.1990, hyv\u00e4ksytty 8.8.1991<br \/>\nPyk\u00e4li\u00e4 2. ja 20. muutettu syyskokouksessa 30.10.1996<br \/>\nMuutokset postitettu 11.11.1996, hyv\u00e4ksytty 17.9.1997<br \/>\nS\u00e4\u00e4nn\u00f6t p\u00e4ivitetty 8.10.1997<\/td>\n<\/tr>\n<\/tbody>\n<\/table>\n","protected":false},"excerpt":{"rendered":"<p>1. YHDISTYKSEN NIMI JA KOTIPAIKKA Yhdistyksen nimi on Etel\u00e4-Karjalan Vanhat Ajoneuvot ja sen kotipaikka Lappeenranta. Yhdistyksen p\u00e4\u00e4asiallisena toimialueena ovat Etel\u00e4-Karjalaan kuuluvat kunnat. 2. YHDISTYKSEN TARKOITUS Yhdistyksen tarkoituksena on yll\u00e4pit\u00e4\u00e4 ja edist\u00e4\u00e4 vanhoihin ajoneuvoihin liittyv\u00e4\u00e4 harrastustoimintaa. Tarkoituksen toteuttamiseksi yhdistys ker\u00e4\u00e4, s\u00e4ilytt\u00e4\u00e4 &hellip; <a href=\"https:\/\/ekva.fi\/?page_id=22\">Lue loppuun <span class=\"meta-nav\">&rarr;<\/span><\/a><\/p>\n","protected":false},"author":1,"featured_media":0,"parent":9,"menu_order":90,"comment_status":"closed","ping_status":"open","template":"sidebar-page.php","meta":[],"_links":{"self":[{"href":"https:\/\/ekva.fi\/index.php?rest_route=\/wp\/v2\/pages\/22"}],"collection":[{"href":"https:\/\/ekva.fi\/index.php?rest_route=\/wp\/v2\/pages"}],"about":[{"href":"https:\/\/ekva.fi\/index.php?rest_route=\/wp\/v2\/types\/page"}],"author":[{"embeddable":true,"href":"https:\/\/ekva.fi\/index.php?rest_route=\/wp\/v2\/users\/1"}],"replies":[{"embeddable":true,"href":"https:\/\/ekva.fi\/index.php?rest_route=%2Fwp%2Fv2%2Fcomments&post=22"}],"version-history":[{"count":4,"href":"https:\/\/ekva.fi\/index.php?rest_route=\/wp\/v2\/pages\/22\/revisions"}],"predecessor-version":[{"id":667,"href":"https:\/\/ekva.fi\/index.php?rest_route=\/wp\/v2\/pages\/22\/revisions\/667"}],"up":[{"embeddable":true,"href":"https:\/\/ekva.fi\/index.php?rest_route=\/wp\/v2\/pages\/9"}],"wp:attachment":[{"href":"https:\/\/ekva.fi\/index.php?rest_route=%2Fwp%2Fv2%2Fmedia&parent=22"}],"curies":[{"name":"wp","href":"https:\/\/api.w.org\/{rel}","templated":true}]}}