{"id":120,"date":"2014-05-08T22:22:25","date_gmt":"2014-05-08T19:22:25","guid":{"rendered":"http:\/\/ekva.fi\/?page_id=120"},"modified":"2020-11-11T09:34:33","modified_gmt":"2020-11-11T07:34:33","slug":"liity-jaseneksi","status":"publish","type":"page","link":"https:\/\/ekva.fi\/?page_id=120","title":{"rendered":"Liity E-KVA:n j\u00e4seneksi"},"content":{"rendered":"<p>Liittym\u00e4ll\u00e4 E-KVA:n j\u00e4seneksi olet mukana my\u00f6s Suomen ajoneuvohistoriallisen keskusliitto \u2013 SAHK ry:n j\u00e4senen\u00e4, tukemassa ajoneuvokulttuurin s\u00e4ilymist\u00e4. Yhdistyksen j\u00e4seneksi voit liitty\u00e4 t\u00e4ytt\u00e4m\u00e4ll\u00e4 ja tulostamalla <a href=\"https:\/\/ekva.fi\/wp-content\/uploads\/2020\/11\/EKVA_jasenanomuslomake.pdf\">EKVA_jasenanomuslomake<\/a><strong>,<\/strong> ja toimittamalla sen yhdistyksen <strong><a href=\"http:\/\/ekva.fi\/?page_id=11\">sihteerille<\/a><\/strong>. J\u00e4senmaksu varsinaiselta j\u00e4senelt\u00e4 on 45 \u20ac \/ vuosi, kannatusj\u00e4senyys 100 \u20ac \/ vuosi ja perhe- sek\u00e4 juniorij\u00e4senet 15 \u20ac \/ vuosi. Yhdistyksen hallitus k\u00e4sittelee liittymisanomukset ja hyv\u00e4ksyy j\u00e4senet.<\/p>\n","protected":false},"excerpt":{"rendered":"<p>Liittym\u00e4ll\u00e4 E-KVA:n j\u00e4seneksi olet mukana my\u00f6s Suomen ajoneuvohistoriallisen keskusliitto \u2013 SAHK ry:n j\u00e4senen\u00e4, tukemassa ajoneuvokulttuurin s\u00e4ilymist\u00e4. Yhdistyksen j\u00e4seneksi voit liitty\u00e4 t\u00e4ytt\u00e4m\u00e4ll\u00e4 ja tulostamalla EKVA_jasenanomuslomake, ja toimittamalla sen yhdistyksen sihteerille. J\u00e4senmaksu varsinaiselta j\u00e4senelt\u00e4 on 45 \u20ac \/ vuosi, kannatusj\u00e4senyys 100 \u20ac &hellip; <a href=\"https:\/\/ekva.fi\/?page_id=120\">Lue loppuun <span class=\"meta-nav\">&rarr;<\/span><\/a><\/p>\n","protected":false},"author":1,"featured_media":0,"parent":9,"menu_order":0,"comment_status":"closed","ping_status":"open","template":"","meta":[],"_links":{"self":[{"href":"https:\/\/ekva.fi\/index.php?rest_route=\/wp\/v2\/pages\/120"}],"collection":[{"href":"https:\/\/ekva.fi\/index.php?rest_route=\/wp\/v2\/pages"}],"about":[{"href":"https:\/\/ekva.fi\/index.php?rest_route=\/wp\/v2\/types\/page"}],"author":[{"embeddable":true,"href":"https:\/\/ekva.fi\/index.php?rest_route=\/wp\/v2\/users\/1"}],"replies":[{"embeddable":true,"href":"https:\/\/ekva.fi\/index.php?rest_route=%2Fwp%2Fv2%2Fcomments&post=120"}],"version-history":[{"count":22,"href":"https:\/\/ekva.fi\/index.php?rest_route=\/wp\/v2\/pages\/120\/revisions"}],"predecessor-version":[{"id":808,"href":"https:\/\/ekva.fi\/index.php?rest_route=\/wp\/v2\/pages\/120\/revisions\/808"}],"up":[{"embeddable":true,"href":"https:\/\/ekva.fi\/index.php?rest_route=\/wp\/v2\/pages\/9"}],"wp:attachment":[{"href":"https:\/\/ekva.fi\/index.php?rest_route=%2Fwp%2Fv2%2Fmedia&parent=120"}],"curies":[{"name":"wp","href":"https:\/\/api.w.org\/{rel}","templated":true}]}}